{"id":892,"date":"2022-04-18T11:30:04","date_gmt":"2022-04-18T11:30:04","guid":{"rendered":"http:\/\/localhost\/wordpress\/?page_id=892"},"modified":"2022-04-19T07:51:13","modified_gmt":"2022-04-19T07:51:13","slug":"a-la-carta","status":"publish","type":"page","link":"https:\/\/albella.org\/en\/a-la-carta\/","title":{"rendered":"On demand"},"content":{"rendered":"<section class=\"wpb_row bg-fixed\"><div class=\"container\"><div class=\"rows\"><div class=\"wpb_column vc_column_container one columns2\" ><div class=\"ak_column-inner\"><div class=\"wpb_wrapper\">\t\n\t<div class=\"header-text\">\n\t\t\t       \t<div class=\"header-shadow-text\">\n\t       \t\tVIDEOS A LA CARTA\t       \t<\/div>\n       \t    \t<h1>VIDEOS A LA CARTA<\/h1>\n    \t<p><\/p>\n    <\/div>\n\t\n\n<div class=\"vp-portfolio vp-uid-6c9b8dff vp-id-894\"\n\tdata-vp-layout=\"tiles\" data-vp-content-source=\"images\" data-vp-items-style=\"fade\" data-vp-items-click-action=\"popup_gallery\" data-vp-items-gap=\"15\" data-vp-items-gap-vertical=\"\" data-vp-pagination=\"load-more\" data-vp-next-page-url=\"\" data-vp-tiles-type=\"3|1,1|\" >\n\t<div class=\"vp-portfolio__preloader-wrap\">\n\t\t<div class=\"vp-portfolio__preloader\">\n\t\t\t<img decoding=\"async\" loading=\"eager\" src=\"https:\/\/albella.org\/wp-content\/plugins\/visual-portfolio\/assets\/images\/logo-dark.svg\" alt=\"Visual Portfolio, Posts &amp; Image Gallery for WordPress\" width=\"20\" height=\"20\" data-skip-lazy>\n\t\t<\/div>\n\t<\/div>\n\t\t<div class=\"vp-portfolio__items-wrap\">\n\t\t\t\n<div class=\"vp-portfolio__items vp-portfolio__items-style-fade vp-portfolio__items-show-overlay-hover\">\n\n\t\t<div\t\tclass=\"vp-portfolio__item-wrap vp-portfolio__item-uid-d208833d\" data-vp-filter=\"\" style=\"--vp-images__object-position: 50% 55%;\" \t\t>\n\t\t\t\t\t\t\t\t\t<figure class=\"vp-portfolio__item\">\n\t\t\t\t\n<div class=\"vp-portfolio__item-img-wrap\">\n\t<div class=\"vp-portfolio__item-img\">\n\t\t\t<a\n\t\thref=\"https:\/\/vimeo.com\/ondemand\/agustinsanz\"\n\t\taria-label=\"Agust\u00edn Sanz. The loyal architect\" \t>\n\t\n\t\t<img loading=\"lazy\" decoding=\"async\" width=\"559\" height=\"800\" src=\"https:\/\/albella.org\/wp-content\/uploads\/2022\/04\/VOD_Agustin.jpg\" class=\"wp-image-895\" alt=\"\" srcset=\"https:\/\/albella.org\/wp-content\/uploads\/2022\/04\/VOD_Agustin.jpg 559w, https:\/\/albella.org\/wp-content\/uploads\/2022\/04\/VOD_Agustin-210x300.jpg 210w, https:\/\/albella.org\/wp-content\/uploads\/2022\/04\/VOD_Agustin-500x716.jpg 500w\" sizes=\"auto, (max-width: 559px) 100vw, 559px\" \/>\n\t\t<\/a>\t<\/div>\n<\/div>\n\t<figcaption class=\"vp-portfolio__item-overlay vp-portfolio__item-overlay-text-align-center\">\n\t\t<div class=\"vp-portfolio__item-meta-wrap vp-portfolio__custom-scrollbar\">\n\t\t\t\t<a\n\t\thref=\"https:\/\/vimeo.com\/ondemand\/agustinsanz\"\n\t\ttabindex=\"-1\" class=\"vp-portfolio__item-meta\" aria-label=\"Agust\u00edn Sanz. The loyal architect\" \t>\n\t\n<h2 class=\"vp-portfolio__item-meta-title\">\n\tAgust\u00edn Sanz. The loyal architect<\/h2>\n<\/a>\t\t<\/div>\n\t<\/figcaption>\n\t\t\t<\/figure>\n\t\t\t\t\t<\/div>\n\t\t\n\t\t<div\t\tclass=\"vp-portfolio__item-wrap vp-portfolio__item-uid-f3bdb5e2\" data-vp-filter=\"\" style=\"--vp-images__object-position: 50% 39%;\" \t\t>\n\t\t\t\t\t\t\t\t\t<figure class=\"vp-portfolio__item\">\n\t\t\t\t\n<div class=\"vp-portfolio__item-img-wrap\">\n\t<div class=\"vp-portfolio__item-img\">\n\t\t\t<a\n\t\thref=\"https:\/\/vimeo.com\/ondemand\/elastronauta\"\n\t\taria-label=\"El Astronauta\" \t>\n\t\n\t\t<img loading=\"lazy\" decoding=\"async\" width=\"559\" height=\"800\" src=\"https:\/\/albella.org\/wp-content\/uploads\/2022\/04\/VOD_Astro.jpg\" class=\"wp-image-896\" alt=\"\" srcset=\"https:\/\/albella.org\/wp-content\/uploads\/2022\/04\/VOD_Astro.jpg 559w, https:\/\/albella.org\/wp-content\/uploads\/2022\/04\/VOD_Astro-210x300.jpg 210w, https:\/\/albella.org\/wp-content\/uploads\/2022\/04\/VOD_Astro-500x716.jpg 500w\" sizes=\"auto, (max-width: 559px) 100vw, 559px\" \/>\n\t\t<\/a>\t<\/div>\n<\/div>\n\t<figcaption class=\"vp-portfolio__item-overlay vp-portfolio__item-overlay-text-align-center\">\n\t\t<div class=\"vp-portfolio__item-meta-wrap vp-portfolio__custom-scrollbar\">\n\t\t\t\t<a\n\t\thref=\"https:\/\/vimeo.com\/ondemand\/elastronauta\"\n\t\ttabindex=\"-1\" class=\"vp-portfolio__item-meta\" aria-label=\"El Astronauta\" \t>\n\t\n<h2 class=\"vp-portfolio__item-meta-title\">\n\tEl Astronauta<\/h2>\n<\/a>\t\t<\/div>\n\t<\/figcaption>\n\t\t\t<\/figure>\n\t\t\t\t\t<\/div>\n\t\t\n\t\t<div\t\tclass=\"vp-portfolio__item-wrap vp-portfolio__item-uid-960f2a9a\" data-vp-filter=\"\" style=\"--vp-images__object-position: 50% 43%;\" \t\t>\n\t\t\t\t\t\t\t\t\t<figure class=\"vp-portfolio__item\">\n\t\t\t\t\n<div class=\"vp-portfolio__item-img-wrap\">\n\t<div class=\"vp-portfolio__item-img\">\n\t\t\t<a\n\t\thref=\"https:\/\/vimeo.com\/ondemand\/buscandoadjeneba\"\n\t\taria-label=\"Buscando a Djeneba\" \t>\n\t\n\t\t<img loading=\"lazy\" decoding=\"async\" width=\"559\" height=\"800\" src=\"https:\/\/albella.org\/wp-content\/uploads\/2022\/04\/VOD_Djeneba.jpg\" class=\"wp-image-897\" alt=\"\" srcset=\"https:\/\/albella.org\/wp-content\/uploads\/2022\/04\/VOD_Djeneba.jpg 559w, https:\/\/albella.org\/wp-content\/uploads\/2022\/04\/VOD_Djeneba-210x300.jpg 210w, https:\/\/albella.org\/wp-content\/uploads\/2022\/04\/VOD_Djeneba-500x716.jpg 500w\" sizes=\"auto, (max-width: 559px) 100vw, 559px\" \/>\n\t\t<\/a>\t<\/div>\n<\/div>\n\t<figcaption class=\"vp-portfolio__item-overlay vp-portfolio__item-overlay-text-align-center\">\n\t\t<div class=\"vp-portfolio__item-meta-wrap vp-portfolio__custom-scrollbar\">\n\t\t\t\t<a\n\t\thref=\"https:\/\/vimeo.com\/ondemand\/buscandoadjeneba\"\n\t\ttabindex=\"-1\" class=\"vp-portfolio__item-meta\" aria-label=\"Buscando a Djeneba\" \t>\n\t\n<h2 class=\"vp-portfolio__item-meta-title\">\n\tBuscando a Djeneba<\/h2>\n<\/a>\t\t<\/div>\n\t<\/figcaption>\n\t\t\t<\/figure>\n\t\t\t\t\t<\/div>\n\t\t\n\t\t<div\t\tclass=\"vp-portfolio__item-wrap vp-portfolio__item-uid-be0c506e\" data-vp-filter=\"\" style=\"--vp-images__object-position: 40% 36%;\" \t\t>\n\t\t\t\t\t\t\t\t\t<figure class=\"vp-portfolio__item\">\n\t\t\t\t\n<div class=\"vp-portfolio__item-img-wrap\">\n\t<div class=\"vp-portfolio__item-img\">\n\t\t\t<a\n\t\thref=\"https:\/\/vimeo.com\/ondemand\/enunlugarllamadofoces\"\n\t\taria-label=\"A PLACE NAMED FOCES\" \t>\n\t\n\t\t<img loading=\"lazy\" decoding=\"async\" width=\"559\" height=\"800\" src=\"https:\/\/albella.org\/wp-content\/uploads\/2022\/04\/VOD_Foces.jpg\" class=\"wp-image-898\" alt=\"\" srcset=\"https:\/\/albella.org\/wp-content\/uploads\/2022\/04\/VOD_Foces.jpg 559w, https:\/\/albella.org\/wp-content\/uploads\/2022\/04\/VOD_Foces-210x300.jpg 210w, https:\/\/albella.org\/wp-content\/uploads\/2022\/04\/VOD_Foces-500x716.jpg 500w\" sizes=\"auto, (max-width: 559px) 100vw, 559px\" \/>\n\t\t<\/a>\t<\/div>\n<\/div>\n\t<figcaption class=\"vp-portfolio__item-overlay vp-portfolio__item-overlay-text-align-center\">\n\t\t<div class=\"vp-portfolio__item-meta-wrap vp-portfolio__custom-scrollbar\">\n\t\t\t\t<a\n\t\thref=\"https:\/\/vimeo.com\/ondemand\/enunlugarllamadofoces\"\n\t\ttabindex=\"-1\" class=\"vp-portfolio__item-meta\" aria-label=\"A PLACE NAMED FOCES\" \t>\n\t\n<h2 class=\"vp-portfolio__item-meta-title\">\n\tA PLACE NAMED FOCES<\/h2>\n<\/a>\t\t<\/div>\n\t<\/figcaption>\n\t\t\t<\/figure>\n\t\t\t\t\t<\/div>\n\t\t\n\t\t<div\t\tclass=\"vp-portfolio__item-wrap vp-portfolio__item-uid-54dc5841\" data-vp-filter=\"\" \t\t>\n\t\t\t\t\t\t\t\t\t<figure class=\"vp-portfolio__item\">\n\t\t\t\t\n<div class=\"vp-portfolio__item-img-wrap\">\n\t<div class=\"vp-portfolio__item-img\">\n\t\t\t<a\n\t\thref=\"https:\/\/vimeo.com\/ondemand\/nebraeltriunfodelamusica\"\n\t\taria-label=\"Nebra. EL triunfo de la m\u00fasica\" \t>\n\t\n\t\t<img loading=\"lazy\" decoding=\"async\" width=\"559\" height=\"800\" src=\"https:\/\/albella.org\/wp-content\/uploads\/2022\/04\/VOD_Nebra.jpg\" class=\"wp-image-899\" alt=\"\" srcset=\"https:\/\/albella.org\/wp-content\/uploads\/2022\/04\/VOD_Nebra.jpg 559w, https:\/\/albella.org\/wp-content\/uploads\/2022\/04\/VOD_Nebra-210x300.jpg 210w, https:\/\/albella.org\/wp-content\/uploads\/2022\/04\/VOD_Nebra-500x716.jpg 500w\" sizes=\"auto, (max-width: 559px) 100vw, 559px\" \/>\n\t\t<\/a>\t<\/div>\n<\/div>\n\t<figcaption class=\"vp-portfolio__item-overlay vp-portfolio__item-overlay-text-align-center\">\n\t\t<div class=\"vp-portfolio__item-meta-wrap vp-portfolio__custom-scrollbar\">\n\t\t\t\t<a\n\t\thref=\"https:\/\/vimeo.com\/ondemand\/nebraeltriunfodelamusica\"\n\t\ttabindex=\"-1\" class=\"vp-portfolio__item-meta\" aria-label=\"Nebra. EL triunfo de la m\u00fasica\" \t>\n\t\n<h2 class=\"vp-portfolio__item-meta-title\">\n\tNebra. EL triunfo de la m\u00fasica<\/h2>\n<\/a>\t\t<\/div>\n\t<\/figcaption>\n\t\t\t<\/figure>\n\t\t\t\t\t<\/div>\n\t\t\n\t\t<div\t\tclass=\"vp-portfolio__item-wrap vp-portfolio__item-uid-45bc56fe\" data-vp-filter=\"\" \t\t>\n\t\t\t\t\t\t\t\t\t<figure class=\"vp-portfolio__item\">\n\t\t\t\t\n<div class=\"vp-portfolio__item-img-wrap\">\n\t<div class=\"vp-portfolio__item-img\">\n\t\t\t<a\n\t\thref=\"https:\/\/vimeo.com\/ondemand\/elpez\"\n\t\taria-label=\"El pez\" \t>\n\t\n\t\t<img loading=\"lazy\" decoding=\"async\" width=\"559\" height=\"800\" src=\"https:\/\/albella.org\/wp-content\/uploads\/2022\/04\/VOD_Pez.jpg\" class=\"wp-image-900\" alt=\"\" srcset=\"https:\/\/albella.org\/wp-content\/uploads\/2022\/04\/VOD_Pez.jpg 559w, https:\/\/albella.org\/wp-content\/uploads\/2022\/04\/VOD_Pez-210x300.jpg 210w, https:\/\/albella.org\/wp-content\/uploads\/2022\/04\/VOD_Pez-500x716.jpg 500w\" sizes=\"auto, (max-width: 559px) 100vw, 559px\" \/>\n\t\t<\/a>\t<\/div>\n<\/div>\n\t<figcaption class=\"vp-portfolio__item-overlay vp-portfolio__item-overlay-text-align-center\">\n\t\t<div class=\"vp-portfolio__item-meta-wrap vp-portfolio__custom-scrollbar\">\n\t\t\t\t<a\n\t\thref=\"https:\/\/vimeo.com\/ondemand\/elpez\"\n\t\ttabindex=\"-1\" class=\"vp-portfolio__item-meta\" aria-label=\"El pez\" \t>\n\t\n<h2 class=\"vp-portfolio__item-meta-title\">\n\tEl pez<\/h2>\n<\/a>\t\t<\/div>\n\t<\/figcaption>\n\t\t\t<\/figure>\n\t\t\t\t\t<\/div>\n\t\t\n<\/div>\n\t\t<\/div>\n\t\t\n<\/div>\n<\/div><\/div><\/div><\/div><\/div><\/section><section class=\"wpb_row bg-fixed\"><div class=\"container\"><div class=\"rows\"><div class=\"wpb_column vc_column_container one columns2\" ><div class=\"ak_column-inner\"><div class=\"wpb_wrapper\"><div class=\"vc_btn3-container vc_btn3-center\" ><a class=\"vc_general vc_btn3 vc_btn3-size-md vc_btn3-shape-rounded vc_btn3-style-outline vc_btn3-icon-left vc_btn3-color-danger\" href=\"https:\/\/albella.org\/en\/\" title=\"Home Slider\"><i class=\"vc_btn3-icon fas fa-chevron-circle-left\"><\/i> ATR\u00c1S<\/a><\/div><\/div><\/div><\/div><\/div><\/div><\/section>","protected":false},"excerpt":{"rendered":"VIDEOS A LA CARTA VIDEOS A LA CARTA Agust\u00edn Sanz. El arquitecto fiel El Astronauta Buscando a Djeneba En un lugar llamado Foces Nebra. EL triunfo de la m\u00fasica El pez ATR\u00c1S","protected":false},"author":1,"featured_media":719,"parent":0,"menu_order":0,"comment_status":"closed","ping_status":"closed","template":"redux-templates_canvas","meta":{"_vp_format_video_url":"","_vp_image_focal_point":[],"footnotes":""},"class_list":["post-892","page","type-page","status-publish","has-post-thumbnail","hentry"],"_links":{"self":[{"href":"https:\/\/albella.org\/en\/wp-json\/wp\/v2\/pages\/892","targetHints":{"allow":["GET"]}}],"collection":[{"href":"https:\/\/albella.org\/en\/wp-json\/wp\/v2\/pages"}],"about":[{"href":"https:\/\/albella.org\/en\/wp-json\/wp\/v2\/types\/page"}],"author":[{"embeddable":true,"href":"https:\/\/albella.org\/en\/wp-json\/wp\/v2\/users\/1"}],"replies":[{"embeddable":true,"href":"https:\/\/albella.org\/en\/wp-json\/wp\/v2\/comments?post=892"}],"version-history":[{"count":10,"href":"https:\/\/albella.org\/en\/wp-json\/wp\/v2\/pages\/892\/revisions"}],"predecessor-version":[{"id":913,"href":"https:\/\/albella.org\/en\/wp-json\/wp\/v2\/pages\/892\/revisions\/913"}],"wp:featuredmedia":[{"embeddable":true,"href":"https:\/\/albella.org\/en\/wp-json\/wp\/v2\/media\/719"}],"wp:attachment":[{"href":"https:\/\/albella.org\/en\/wp-json\/wp\/v2\/media?parent=892"}],"curies":[{"name":"wp","href":"https:\/\/api.w.org\/{rel}","templated":true}]}}